{"id":19,"date":"2021-02-08T07:16:47","date_gmt":"2021-02-08T07:16:47","guid":{"rendered":"http:\/\/www.fcg-ried.at\/?page_id=19"},"modified":"2021-10-29T19:27:08","modified_gmt":"2021-10-29T19:27:08","slug":"kontakt","status":"publish","type":"page","link":"https:\/\/www.fcg-ried.at\/index.php\/kontakt\/","title":{"rendered":"Kontakt"},"content":{"rendered":"\n<p><strong>Gottesdienst<\/strong>: Sonntag um 9:30 Uhr<\/p>\n\n\n\n<p><strong>Lobpreis, Anbetung und Gebet: <\/strong>Mittwoch um 19:00 Uhr<\/p>\n\n\n\n<p><strong>Kindergottesdienst: <\/strong>Jeden ersten und dritten Sonntag um 10:00 Uhr<\/p>\n\n\n\n<p><strong>M\u00e4nnerfr\u00fchst\u00fcck: <\/strong>Jeden letzten Samstag im Monat um 9:00 Uhr<\/p>\n\n\n\n<p><\/p>\n\n\n\n<p><strong>Pastor<\/strong><br>Norbert Haslinger<br>Tel: +43650 322 3860<br>Mail: office@fcg-ried.at<br>Adresse: Kasernstrasse-4, 4910 Ried im Innkreis\u00a0<\/p>\n\n\n\n<p><\/p>\n\n\n\n<p><\/p>\n","protected":false},"excerpt":{"rendered":"<p>Gottesdienst: Sonntag um 9:30 Uhr Lobpreis, Anbetung und Gebet: Mittwoch um 19:00 Uhr Kindergottesdienst: Jeden ersten und dritten Sonntag um 10:00 Uhr M\u00e4nnerfr\u00fchst\u00fcck: Jeden letzten Samstag im Monat um 9:00 Uhr PastorNorbert HaslingerTel: +43650 322 3860Mail: office@fcg-ried.atAdresse: Kasernstrasse-4, 4910 Ried im Innkreis\u00a0<\/p>\n","protected":false},"author":1,"featured_media":0,"parent":0,"menu_order":0,"comment_status":"closed","ping_status":"closed","template":"","meta":{"footnotes":""},"class_list":["post-19","page","type-page","status-publish","hentry"],"_links":{"self":[{"href":"https:\/\/www.fcg-ried.at\/index.php\/wp-json\/wp\/v2\/pages\/19","targetHints":{"allow":["GET"]}}],"collection":[{"href":"https:\/\/www.fcg-ried.at\/index.php\/wp-json\/wp\/v2\/pages"}],"about":[{"href":"https:\/\/www.fcg-ried.at\/index.php\/wp-json\/wp\/v2\/types\/page"}],"author":[{"embeddable":true,"href":"https:\/\/www.fcg-ried.at\/index.php\/wp-json\/wp\/v2\/users\/1"}],"replies":[{"embeddable":true,"href":"https:\/\/www.fcg-ried.at\/index.php\/wp-json\/wp\/v2\/comments?post=19"}],"version-history":[{"count":3,"href":"https:\/\/www.fcg-ried.at\/index.php\/wp-json\/wp\/v2\/pages\/19\/revisions"}],"predecessor-version":[{"id":134,"href":"https:\/\/www.fcg-ried.at\/index.php\/wp-json\/wp\/v2\/pages\/19\/revisions\/134"}],"wp:attachment":[{"href":"https:\/\/www.fcg-ried.at\/index.php\/wp-json\/wp\/v2\/media?parent=19"}],"curies":[{"name":"wp","href":"https:\/\/api.w.org\/{rel}","templated":true}]}}